{"id":7664,"date":"2024-06-13T14:06:54","date_gmt":"2024-06-13T14:06:54","guid":{"rendered":"https:\/\/neumaticosdrago.com.ar\/?post_type=product&#038;p=7664"},"modified":"2025-10-21T15:08:03","modified_gmt":"2025-10-21T15:08:03","slug":"neumatico-triangle-te307-195-55-r16-87v","status":"publish","type":"product","link":"https:\/\/neumaticosdrago.com.ar\/index.php\/product\/neumatico-triangle-te307-195-55-r16-87v\/","title":{"rendered":"Neumatico Triangle Te307 195\/55 R16 87V"},"content":{"rendered":"<div class=\"ui-pdp-container__row ui-pdp-container__row--highlighted-specs-title\">\n<h2 class=\"ui-vpp-text-alignment--left ui-pdp-color--BLACK ui-pdp-size--XLARGE ui-pdp-family--REGULAR highlighted-specs-title\">Caracter\u00edsticas del producto<\/h2>\n<\/div>\n<div class=\"ui-pdp-container__row ui-pdp-container__row--attributes\">\n<div class=\"ui-vpp-highlighted-specs__attribute-columns\">\n<div class=\"ui-vpp-highlighted-specs__attribute-columns__column\">\n<div class=\"ui-pdp-container__row ui-vpp-highlighted-specs__attribute-columns__row\">\n<div class=\"ui-vpp-highlighted-specs__key-value\">\n<div class=\"ui-pdp-background-color--GRAY_40 ui-vpp-highlighted-specs__filled-icon ui-vpp-highlighted-specs__filled-icon--ROUNDED\" aria-hidden=\"true\"><img decoding=\"async\" class=\"ui-pdp-image ui-vpp-image-component\" src=\"https:\/\/http2.mlstatic.com\/storage\/catalog-technical-specs\/images\/assets\/vectorial\/tamano_tires.svg\" \/><\/div>\n<div class=\"ui-vpp-highlighted-specs__key-value__labels\">\n<p class=\"ui-pdp-family--REGULAR ui-vpp-highlighted-specs__key-value__labels__key-value\"><span class=\"ui-pdp-color--BLACK ui-pdp-size--XSMALL ui-pdp-family--REGULAR\">Tama\u00f1o:<\/span>\u00a0<span class=\"ui-pdp-color--BLACK ui-pdp-size--XSMALL ui-pdp-family--SEMIBOLD\">195\/55R16<\/span><\/p>\n<\/div>\n<\/div>\n<\/div>\n<div class=\"ui-pdp-container__row ui-vpp-highlighted-specs__attribute-columns__row\">\n<div class=\"ui-vpp-highlighted-specs__key-value\">\n<div class=\"ui-pdp-background-color--GRAY_40 ui-vpp-highlighted-specs__filled-icon ui-vpp-highlighted-specs__filled-icon--ROUNDED\" aria-hidden=\"true\"><img decoding=\"async\" class=\"ui-pdp-image ui-vpp-image-component\" src=\"https:\/\/http2.mlstatic.com\/storage\/catalog-technical-specs\/images\/assets\/vectorial\/cantidad_de_neumaticos_tires.svg\" \/><\/div>\n<div class=\"ui-vpp-highlighted-specs__key-value__labels\">\n<p class=\"ui-pdp-family--REGULAR ui-vpp-highlighted-specs__key-value__labels__key-value\"><span class=\"ui-pdp-color--BLACK ui-pdp-size--XSMALL ui-pdp-family--REGULAR\">Cantidad de neum\u00e1ticos:\u00a0<\/span><span class=\"ui-pdp-color--BLACK ui-pdp-size--XSMALL ui-pdp-family--SEMIBOLD\">4<\/span><\/p>\n<\/div>\n<\/div>\n<\/div>\n<\/div>\n<div class=\"ui-vpp-highlighted-specs__attribute-columns__column\">\n<div class=\"ui-pdp-container__row ui-vpp-highlighted-specs__attribute-columns__row\">\n<div class=\"ui-vpp-highlighted-specs__key-value\">\n<div class=\"ui-pdp-background-color--GRAY_40 ui-vpp-highlighted-specs__filled-icon ui-vpp-highlighted-specs__filled-icon--ROUNDED\" aria-hidden=\"true\"><img decoding=\"async\" class=\"ui-pdp-image ui-vpp-image-component\" src=\"https:\/\/http2.mlstatic.com\/storage\/catalog-technical-specs\/images\/assets\/vectorial\/tipo_de_terreno_tires.svg\" \/><\/div>\n<div class=\"ui-vpp-highlighted-specs__key-value__labels\">\n<p class=\"ui-pdp-family--REGULAR ui-vpp-highlighted-specs__key-value__labels__key-value\"><span class=\"ui-pdp-color--BLACK ui-pdp-size--XSMALL ui-pdp-family--REGULAR\">Tipo de terreno:<\/span>\u00a0<span class=\"ui-pdp-color--BLACK ui-pdp-size--XSMALL ui-pdp-family--SEMIBOLD\">HT<\/span><\/p>\n<\/div>\n<\/div>\n<\/div>\n<div class=\"ui-pdp-container__row ui-vpp-highlighted-specs__attribute-columns__row\">\n<div class=\"ui-vpp-highlighted-specs__key-value\">\n<div class=\"ui-pdp-background-color--GRAY_40 ui-vpp-highlighted-specs__filled-icon ui-vpp-highlighted-specs__filled-icon--ROUNDED\" aria-hidden=\"true\"><img decoding=\"async\" class=\"ui-pdp-image ui-vpp-image-component\" src=\"https:\/\/http2.mlstatic.com\/storage\/catalog-technical-specs\/images\/assets\/vectorial\/default.svg\" \/><\/div>\n<div class=\"ui-vpp-highlighted-specs__key-value__labels\">\n<p class=\"ui-pdp-family--REGULAR ui-vpp-highlighted-specs__key-value__labels__key-value\"><span class=\"ui-pdp-color--BLACK ui-pdp-size--XSMALL ui-pdp-family--REGULAR\">\u00cdndice De Velocidad:<\/span>\u00a0<span class=\"ui-pdp-color--BLACK ui-pdp-size--XSMALL ui-pdp-family--SEMIBOLD\">V<\/span><\/p>\n<\/div>\n<\/div>\n<\/div>\n<\/div>\n<\/div>\n<\/div>\n<div class=\"ui-pdp-container__row ui-pdp-container__row--technical-specifications\">\n<div class=\"ui-pdp-collapsable ui-vpp-highlighted-specs__striped-collapsed__action\">\n<div class=\"ui-pdp-collapsable__container\">\n<div class=\"ui-vpp-highlighted-specs__striped-specs\">\n<div class=\"ui-vpp-striped-specs\">\n<div class=\"ui-vpp-striped-specs__table\">\n<h3 class=\"ui-vpp-striped-specs__header\">Caracter\u00edsticas principales<\/h3>\n<table class=\"andes-table\">\n<tbody class=\"andes-table__body\">\n<tr class=\"andes-table__row ui-vpp-striped-specs__row\">\n<th class=\"andes-table__header andes-table__header--left ui-vpp-striped-specs__row__column ui-vpp-striped-specs__row__column--id\" scope=\"col\">\n<div class=\"andes-table__header__container\">Lateral<\/div>\n<\/th>\n<td id=\":R19nhat6l9im:\" class=\"andes-table__column andes-table__column--left andes-table__column--vertical-align-center ui-vpp-striped-specs__row__column\" title=\"BSW\"><span class=\"andes-table__column--value\">BSW<\/span><\/td>\n<\/tr>\n<tr class=\"andes-table__row ui-vpp-striped-specs__row\">\n<th class=\"andes-table__header andes-table__header--left ui-vpp-striped-specs__row__column ui-vpp-striped-specs__row__column--id\" scope=\"col\">\n<div class=\"andes-table__header__container\">Cantidad de neum\u00e1ticos<\/div>\n<\/th>\n<td id=\":R19rhat6l9im:\" class=\"andes-table__column andes-table__column--left andes-table__column--vertical-align-center ui-vpp-striped-specs__row__column\" title=\"4\"><span class=\"andes-table__column--value\">4<\/span><\/td>\n<\/tr>\n<\/tbody>\n<\/table>\n<\/div>\n<div class=\"ui-vpp-striped-specs__table\">\n<h3 class=\"ui-vpp-striped-specs__header\">Especificaciones<\/h3>\n<table class=\"andes-table\">\n<tbody class=\"andes-table__body\">\n<tr class=\"andes-table__row ui-vpp-striped-specs__row\">\n<th class=\"andes-table__header andes-table__header--left ui-vpp-striped-specs__row__column ui-vpp-striped-specs__row__column--id\" scope=\"col\">\n<div class=\"andes-table__header__container\">\u00cdndice de carga<\/div>\n<\/th>\n<td id=\":R2j7iat6l9im:\" class=\"andes-table__column andes-table__column--left andes-table__column--vertical-align-center ui-vpp-striped-specs__row__column\" title=\"87\"><span class=\"andes-table__column--value\">87<\/span><\/td>\n<\/tr>\n<tr class=\"andes-table__row ui-vpp-striped-specs__row\">\n<th class=\"andes-table__header andes-table__header--left ui-vpp-striped-specs__row__column ui-vpp-striped-specs__row__column--id\" scope=\"col\">\n<div class=\"andes-table__header__container\">Rango de carga<\/div>\n<\/th>\n<td id=\":R2jbiat6l9im:\" class=\"andes-table__column andes-table__column--left andes-table__column--vertical-align-center ui-vpp-striped-specs__row__column\" title=\"XL\"><span class=\"andes-table__column--value\">XL<\/span><\/td>\n<\/tr>\n<tr class=\"andes-table__row ui-vpp-striped-specs__row\">\n<th class=\"andes-table__header andes-table__header--left ui-vpp-striped-specs__row__column ui-vpp-striped-specs__row__column--id\" scope=\"col\">\n<div class=\"andes-table__header__container\">Tipo de construcci\u00f3n<\/div>\n<\/th>\n<td id=\":R2jfiat6l9im:\" class=\"andes-table__column andes-table__column--left andes-table__column--vertical-align-center ui-vpp-striped-specs__row__column\" title=\"Radial\"><span class=\"andes-table__column--value\">Radial<\/span><\/td>\n<\/tr>\n<tr class=\"andes-table__row ui-vpp-striped-specs__row\">\n<th class=\"andes-table__header andes-table__header--left ui-vpp-striped-specs__row__column ui-vpp-striped-specs__row__column--id\" scope=\"col\">\n<div class=\"andes-table__header__container\">Relaci\u00f3n de aspecto del neum\u00e1tico<\/div>\n<\/th>\n<td id=\":R2jjiat6l9im:\" class=\"andes-table__column andes-table__column--left andes-table__column--vertical-align-center ui-vpp-striped-specs__row__column\" title=\"55 %\"><span class=\"andes-table__column--value\">55 %<\/span><\/td>\n<\/tr>\n<\/tbody>\n<\/table>\n<\/div>\n<div class=\"ui-vpp-striped-specs__table\">\n<h3 class=\"ui-vpp-striped-specs__header\">Tecnolog\u00eda<\/h3>\n<table class=\"andes-table\">\n<tbody class=\"andes-table__body\">\n<tr class=\"andes-table__row ui-vpp-striped-specs__row\">\n<th class=\"andes-table__header andes-table__header--left ui-vpp-striped-specs__row__column ui-vpp-striped-specs__row__column--id\" scope=\"col\">\n<div class=\"andes-table__header__container\">Es run flat<\/div>\n<\/th>\n<td id=\":Rkvjat6l9im:\" class=\"andes-table__column andes-table__column--left andes-table__column--vertical-align-center ui-vpp-striped-specs__row__column\" title=\"No\"><span class=\"andes-table__column--value\">No<\/span><\/td>\n<\/tr>\n<\/tbody>\n<\/table>\n<\/div>\n<div class=\"ui-vpp-striped-specs__table\">\n<h3 class=\"ui-vpp-striped-specs__header\">Otros<\/h3>\n<table class=\"andes-table\">\n<tbody class=\"andes-table__body\">\n<tr class=\"andes-table__row ui-vpp-striped-specs__row\">\n<th class=\"andes-table__header andes-table__header--left ui-vpp-striped-specs__row__column ui-vpp-striped-specs__row__column--id\" scope=\"col\">\n<div class=\"andes-table__header__container\">Tipo de unidad<\/div>\n<\/th>\n<td id=\":R19nkat6l9im:\" class=\"andes-table__column andes-table__column--left andes-table__column--vertical-align-center ui-vpp-striped-specs__row__column\" title=\"Unidad\"><span class=\"andes-table__column--value\">Unidad<\/span><\/td>\n<\/tr>\n<tr class=\"andes-table__row ui-vpp-striped-specs__row\">\n<th class=\"andes-table__header andes-table__header--left ui-vpp-striped-specs__row__column ui-vpp-striped-specs__row__column--id\" scope=\"col\">\n<div class=\"andes-table__header__container\">Es kit<\/div>\n<\/th>\n<td id=\":R19rkat6l9im:\" class=\"andes-table__column andes-table__column--left andes-table__column--vertical-align-center ui-vpp-striped-specs__row__column\" title=\"S\u00ed\"><span class=\"andes-table__column--value\">S\u00ed<\/span><\/td>\n<\/tr>\n<\/tbody>\n<\/table>\n<\/div>\n<\/div>\n<div class=\"ui-vpp-striped-specs\">\n<div class=\"ui-vpp-striped-specs__table\">\n<h3 class=\"ui-vpp-striped-specs__header\">Caracter\u00edsticas generales<\/h3>\n<table class=\"andes-table\">\n<tbody class=\"andes-table__body\">\n<tr class=\"andes-table__row ui-vpp-striped-specs__row\">\n<th class=\"andes-table__header andes-table__header--left ui-vpp-striped-specs__row__column ui-vpp-striped-specs__row__column--id\" scope=\"col\">\n<div class=\"andes-table__header__container\">Marca<\/div>\n<\/th>\n<td id=\":R19jpit6l9im:\" class=\"andes-table__column andes-table__column--left andes-table__column--vertical-align-center ui-vpp-striped-specs__row__column\" title=\"Triangle\"><span class=\"andes-table__column--value\">Triangle<\/span><\/td>\n<\/tr>\n<tr class=\"andes-table__row ui-vpp-striped-specs__row\">\n<th class=\"andes-table__header andes-table__header--left ui-vpp-striped-specs__row__column ui-vpp-striped-specs__row__column--id\" scope=\"col\">\n<div class=\"andes-table__header__container\">L\u00ednea<\/div>\n<\/th>\n<td id=\":R19lpit6l9im:\" class=\"andes-table__column andes-table__column--left andes-table__column--vertical-align-center ui-vpp-striped-specs__row__column\" title=\"TE307\"><span class=\"andes-table__column--value\">TE307<\/span><\/td>\n<\/tr>\n<tr class=\"andes-table__row ui-vpp-striped-specs__row\">\n<th class=\"andes-table__header andes-table__header--left ui-vpp-striped-specs__row__column ui-vpp-striped-specs__row__column--id\" scope=\"col\">\n<div class=\"andes-table__header__container\">Modelo<\/div>\n<\/th>\n<td id=\":R19npit6l9im:\" class=\"andes-table__column andes-table__column--left andes-table__column--vertical-align-center ui-vpp-striped-specs__row__column\" title=\"TE307\"><span class=\"andes-table__column--value\">TE307<\/span><\/td>\n<\/tr>\n<tr class=\"andes-table__row ui-vpp-striped-specs__row\">\n<th class=\"andes-table__header andes-table__header--left ui-vpp-striped-specs__row__column ui-vpp-striped-specs__row__column--id\" scope=\"col\">\n<div class=\"andes-table__header__container\">Tama\u00f1o<\/div>\n<\/th>\n<td id=\":R19ppit6l9im:\" class=\"andes-table__column andes-table__column--left andes-table__column--vertical-align-center ui-vpp-striped-specs__row__column\" title=\"195\/55R16\"><span class=\"andes-table__column--value\">195\/55R16<\/span><\/td>\n<\/tr>\n<\/tbody>\n<\/table>\n<\/div>\n<div class=\"ui-vpp-striped-specs__table\">\n<h3 class=\"ui-vpp-striped-specs__header\">Uso<\/h3>\n<table class=\"andes-table\">\n<tbody class=\"andes-table__body\">\n<tr class=\"andes-table__row ui-vpp-striped-specs__row\">\n<th class=\"andes-table__header andes-table__header--left ui-vpp-striped-specs__row__column ui-vpp-striped-specs__row__column--id\" scope=\"col\">\n<div class=\"andes-table__header__container\">Tipo de servicio<\/div>\n<\/th>\n<td id=\":Rkrqit6l9im:\" class=\"andes-table__column andes-table__column--left andes-table__column--vertical-align-center ui-vpp-striped-specs__row__column\" title=\"LT\"><span class=\"andes-table__column--value\">LT<\/span><\/td>\n<\/tr>\n<tr class=\"andes-table__row ui-vpp-striped-specs__row\">\n<th class=\"andes-table__header andes-table__header--left ui-vpp-striped-specs__row__column ui-vpp-striped-specs__row__column--id\" scope=\"col\">\n<div class=\"andes-table__header__container\">Tipo de terreno<\/div>\n<\/th>\n<td id=\":Rktqit6l9im:\" class=\"andes-table__column andes-table__column--left andes-table__column--vertical-align-center ui-vpp-striped-specs__row__column\" title=\"HT\"><span class=\"andes-table__column--value\">HT<\/span><\/td>\n<\/tr>\n<\/tbody>\n<\/table>\n<\/div>\n<div class=\"ui-vpp-striped-specs__table\">\n<h3 class=\"ui-vpp-striped-specs__header\">Dimensiones<\/h3>\n<table class=\"andes-table\">\n<tbody class=\"andes-table__body\">\n<tr class=\"andes-table__row ui-vpp-striped-specs__row\">\n<th class=\"andes-table__header andes-table__header--left ui-vpp-striped-specs__row__column ui-vpp-striped-specs__row__column--id\" scope=\"col\">\n<div class=\"andes-table__header__container\">Relaci\u00f3n de aspecto<\/div>\n<\/th>\n<td id=\":Rkrrit6l9im:\" class=\"andes-table__column andes-table__column--left andes-table__column--vertical-align-center ui-vpp-striped-specs__row__column\" title=\"55\"><span class=\"andes-table__column--value\">55<\/span><\/td>\n<\/tr>\n<tr class=\"andes-table__row ui-vpp-striped-specs__row\">\n<th class=\"andes-table__header andes-table__header--left ui-vpp-striped-specs__row__column ui-vpp-striped-specs__row__column--id\" scope=\"col\">\n<div class=\"andes-table__header__container\">Ancho de secci\u00f3n<\/div>\n<\/th>\n<td id=\":Rktrit6l9im:\" class=\"andes-table__column andes-table__column--left andes-table__column--vertical-align-center ui-vpp-striped-specs__row__column\" title=\"195 mm\"><span class=\"andes-table__column--value\">195 mm<\/span><\/td>\n<\/tr>\n<tr class=\"andes-table__row ui-vpp-striped-specs__row\">\n<th class=\"andes-table__header andes-table__header--left ui-vpp-striped-specs__row__column ui-vpp-striped-specs__row__column--id\" scope=\"col\">\n<div class=\"andes-table__header__container\">Di\u00e1metro de la llanta<\/div>\n<\/th>\n<td id=\":Rkvrit6l9im:\" class=\"andes-table__column andes-table__column--left andes-table__column--vertical-align-center ui-vpp-striped-specs__row__column\" title=\"16 &quot;\"><span class=\"andes-table__column--value\">16 &#8220;<\/span><\/td>\n<\/tr>\n<\/tbody>\n<\/table>\n<\/div>\n<\/div>\n<\/div>\n<\/div>\n<\/div>\n<\/div>\n","protected":false},"excerpt":{"rendered":"<p>Caracter\u00edsticas del producto Tama\u00f1o:\u00a0195\/55R16 Cantidad de neum\u00e1ticos:\u00a04 Tipo de terreno:\u00a0HT \u00cdndice De Velocidad:\u00a0V Caracter\u00edsticas principales Lateral BSW Cantidad de neum\u00e1ticos 4 Especificaciones \u00cdndice de carga 87 Rango de carga XL Tipo de construcci\u00f3n Radial Relaci\u00f3n de aspecto del neum\u00e1tico 55 % Tecnolog\u00eda Es run flat No Otros Tipo de unidad Unidad Es kit S\u00ed Caracter\u00edsticas [&hellip;]<\/p>\n","protected":false},"featured_media":7668,"comment_status":"open","ping_status":"closed","template":"","meta":{"ocean_post_layout":"","ocean_both_sidebars_style":"","ocean_both_sidebars_content_width":0,"ocean_both_sidebars_sidebars_width":0,"ocean_sidebar":"0","ocean_second_sidebar":"0","ocean_disable_margins":"enable","ocean_add_body_class":"","ocean_shortcode_before_top_bar":"","ocean_shortcode_after_top_bar":"","ocean_shortcode_before_header":"","ocean_shortcode_after_header":"","ocean_has_shortcode":"","ocean_shortcode_after_title":"","ocean_shortcode_before_footer_widgets":"","ocean_shortcode_after_footer_widgets":"","ocean_shortcode_before_footer_bottom":"","ocean_shortcode_after_footer_bottom":"","ocean_display_top_bar":"default","ocean_display_header":"default","ocean_header_style":"","ocean_center_header_left_menu":"0","ocean_custom_header_template":"0","ocean_custom_logo":0,"ocean_custom_retina_logo":0,"ocean_custom_logo_max_width":0,"ocean_custom_logo_tablet_max_width":0,"ocean_custom_logo_mobile_max_width":0,"ocean_custom_logo_max_height":0,"ocean_custom_logo_tablet_max_height":0,"ocean_custom_logo_mobile_max_height":0,"ocean_header_custom_menu":"0","ocean_menu_typo_font_family":"0","ocean_menu_typo_font_subset":"","ocean_menu_typo_font_size":0,"ocean_menu_typo_font_size_tablet":0,"ocean_menu_typo_font_size_mobile":0,"ocean_menu_typo_font_size_unit":"px","ocean_menu_typo_font_weight":"","ocean_menu_typo_font_weight_tablet":"","ocean_menu_typo_font_weight_mobile":"","ocean_menu_typo_transform":"","ocean_menu_typo_transform_tablet":"","ocean_menu_typo_transform_mobile":"","ocean_menu_typo_line_height":0,"ocean_menu_typo_line_height_tablet":0,"ocean_menu_typo_line_height_mobile":0,"ocean_menu_typo_line_height_unit":"","ocean_menu_typo_spacing":0,"ocean_menu_typo_spacing_tablet":0,"ocean_menu_typo_spacing_mobile":0,"ocean_menu_typo_spacing_unit":"","ocean_menu_link_color":"","ocean_menu_link_color_hover":"","ocean_menu_link_color_active":"","ocean_menu_link_background":"","ocean_menu_link_hover_background":"","ocean_menu_link_active_background":"","ocean_menu_social_links_bg":"","ocean_menu_social_hover_links_bg":"","ocean_menu_social_links_color":"","ocean_menu_social_hover_links_color":"","ocean_disable_title":"default","ocean_disable_heading":"default","ocean_post_title":"","ocean_post_subheading":"","ocean_post_title_style":"","ocean_post_title_background_color":"","ocean_post_title_background":0,"ocean_post_title_bg_image_position":"","ocean_post_title_bg_image_attachment":"","ocean_post_title_bg_image_repeat":"","ocean_post_title_bg_image_size":"","ocean_post_title_height":0,"ocean_post_title_bg_overlay":0.5,"ocean_post_title_bg_overlay_color":"","ocean_disable_breadcrumbs":"default","ocean_breadcrumbs_color":"","ocean_breadcrumbs_separator_color":"","ocean_breadcrumbs_links_color":"","ocean_breadcrumbs_links_hover_color":"","ocean_display_footer_widgets":"default","ocean_display_footer_bottom":"default","ocean_custom_footer_template":"0"},"product_brand":[],"product_cat":[18],"product_tag":[273,284],"class_list":{"0":"post-7664","1":"product","2":"type-product","3":"status-publish","4":"has-post-thumbnail","6":"product_cat-neumatico","7":"product_tag-87v","8":"product_tag-triangle-te307","10":"entry","11":"has-media","13":"first","14":"instock","15":"taxable","16":"shipping-taxable","17":"purchasable","18":"product-type-simple","19":"has-product-nav","20":"col","21":"span_1_of_3","22":"owp-content-center","23":"owp-thumbs-layout-horizontal","24":"owp-btn-normal","25":"owp-tabs-layout-horizontal"},"_links":{"self":[{"href":"https:\/\/neumaticosdrago.com.ar\/index.php\/wp-json\/wp\/v2\/product\/7664","targetHints":{"allow":["GET"]}}],"collection":[{"href":"https:\/\/neumaticosdrago.com.ar\/index.php\/wp-json\/wp\/v2\/product"}],"about":[{"href":"https:\/\/neumaticosdrago.com.ar\/index.php\/wp-json\/wp\/v2\/types\/product"}],"replies":[{"embeddable":true,"href":"https:\/\/neumaticosdrago.com.ar\/index.php\/wp-json\/wp\/v2\/comments?post=7664"}],"wp:featuredmedia":[{"embeddable":true,"href":"https:\/\/neumaticosdrago.com.ar\/index.php\/wp-json\/wp\/v2\/media\/7668"}],"wp:attachment":[{"href":"https:\/\/neumaticosdrago.com.ar\/index.php\/wp-json\/wp\/v2\/media?parent=7664"}],"wp:term":[{"taxonomy":"product_brand","embeddable":true,"href":"https:\/\/neumaticosdrago.com.ar\/index.php\/wp-json\/wp\/v2\/product_brand?post=7664"},{"taxonomy":"product_cat","embeddable":true,"href":"https:\/\/neumaticosdrago.com.ar\/index.php\/wp-json\/wp\/v2\/product_cat?post=7664"},{"taxonomy":"product_tag","embeddable":true,"href":"https:\/\/neumaticosdrago.com.ar\/index.php\/wp-json\/wp\/v2\/product_tag?post=7664"}],"curies":[{"name":"wp","href":"https:\/\/api.w.org\/{rel}","templated":true}]}}