{"id":8467,"date":"2024-10-21T12:36:20","date_gmt":"2024-10-21T12:36:20","guid":{"rendered":"https:\/\/neumaticosdrago.com.ar\/?post_type=product&#038;p=8467"},"modified":"2025-10-21T11:38:55","modified_gmt":"2025-10-21T11:38:55","slug":"neumatico-agate-ag-262-155-70r12-73t","status":"publish","type":"product","link":"https:\/\/neumaticosdrago.com.ar\/index.php\/product\/neumatico-agate-ag-262-155-70r12-73t\/","title":{"rendered":"Neum\u00e1tico Agate AG-262 155\/70R12 73T"},"content":{"rendered":"<table class=\"table\" border=\"0\" width=\"100%\" cellpadding=\"0\">\n<tbody class=\"shop-content\">\n<tr class=\"shop-item even\">\n<td class=\"tdligth tdnameSpecs\">Ancho<\/td>\n<td class=\"tdligth\"><span class=\"htitle\">155 (mm)<\/span><\/td>\n<td class=\"tdligth\"><span class=\"\">La distancia entre el exterior de las paredes laterales de un neum\u00e1tico, sin incluir letras ni dise\u00f1os.<br \/>\n<\/span><\/td>\n<\/tr>\n<tr class=\"shop-item even\">\n<td class=\"tdligth tdnameSpecs\">Perfil<\/td>\n<td class=\"tdligth\"><span class=\"htitle\">70 (percentage)<\/span><\/td>\n<td class=\"tdligth\"><span class=\"\">El perfil determina la altura de la pared lateral y es un porcentaje del ancho del neum\u00e1tico.<br \/>\n<\/span><\/td>\n<\/tr>\n<tr class=\"shop-item even\">\n<td class=\"tdligth tdnameSpecs\">Construcci\u00f3n<\/td>\n<td class=\"tdligth\"><span class=\"htitle\">R (Radial)<\/span><\/td>\n<td class=\"tdligth\"><span class=\"\">Neum\u00e1tico de construcci\u00f3n radial.<br \/>\n<\/span><\/td>\n<\/tr>\n<tr class=\"shop-item even\">\n<td class=\"tdligth tdnameSpecs\">Diametro<\/td>\n<td class=\"tdligth\"><span class=\"htitle\">12 (inch)<\/span><\/td>\n<td class=\"tdligth\"><span class=\"\">Di\u00e1metro del rin medido desde el asiento de ceja hasta el extremo opuesto del mismo.<br \/>\n<\/span><\/td>\n<\/tr>\n<tr class=\"shop-item even\">\n<td class=\"tdligth tdnameSpecs\">\u00cdndice de carga<\/td>\n<td class=\"tdligth\"><span class=\"htitle\">73 (365kg\/805lbs)<\/span><\/td>\n<td class=\"tdligth\"><span class=\"\">Carga m\u00e1xima que un\u00a0neum\u00e1tico\u00a0puede soportar cuando se infla a la presi\u00f3n recomendada.<br \/>\n<\/span><\/td>\n<\/tr>\n<tr class=\"shop-item even\">\n<td class=\"tdligth tdnameSpecs\">C\u00f3digo de velocidad<\/td>\n<td class=\"tdligth\"><span class=\"htitle\">T (190km\/h\/118mph)<\/span><\/td>\n<td class=\"tdligth\"><span class=\"\">Velocidad m\u00e1xima a la que un neum\u00e1tico puede rodar con la carga indicada en su \u00edndice de carga.<br \/>\n<\/span><\/td>\n<\/tr>\n<tr class=\"shop-item even\">\n<td class=\"tdligth tdnameSpecs\">Rango de carga<\/td>\n<td class=\"tdligth\"><span class=\"htitle\">SL (4 ply)<\/span><\/td>\n<td class=\"tdligth\"><span class=\"\">Capacidad de carga m\u00e1xima que el neum\u00e1tico puede soportar a ciertas presiones de inflado. Tambi\u00e9n define la dureza del neum\u00e1tico y resistencia de la pared lateral.<br \/>\n<\/span><\/td>\n<\/tr>\n<tr class=\"shop-item even\">\n<td class=\"tdligth tdnameSpecs\">TL\/TT<\/td>\n<td class=\"tdligth\"><span class=\"htitle\">TL (Tubeless)<\/span><\/td>\n<td class=\"tdligth\"><span class=\"\">Neum\u00e1tico dise\u00f1ado espec\u00edficamente para adaptarse al rin sin uso de c\u00e1mara.<\/span><\/td>\n<\/tr>\n<\/tbody>\n<\/table>\n","protected":false},"excerpt":{"rendered":"<p>NEUM\u00c1TICOS DRAGO<\/p>\n<ul>\n<li>\u2022\u2022SERVICIOS QUE OFRECEMOS\u2022\u2022\u2022<br \/>\n\u2022Mec\u00e1nica general:<br \/>\n-Tren delantero y trasero<br \/>\n-Freno delantero y trasero<br \/>\n-Buje de parrilla<br \/>\n-Amortiguadores<br \/>\n-Correa de distribuci\u00f3n<br \/>\n-Suspensi\u00f3n<br \/>\n-Embrague<br \/>\n\u2022Alineaci\u00f3n 3D y Balanceo.<br \/>\n\u2022Reparaci\u00f3n de llantas (aluminio y chapa), vulcanizado \u00a1y m\u00e1s!<\/li>\n<\/ul>\n<p>Colectora 11244, El pato, Berazategui<\/p>\n","protected":false},"featured_media":8468,"comment_status":"open","ping_status":"closed","template":"","meta":{"ocean_post_layout":"","ocean_both_sidebars_style":"","ocean_both_sidebars_content_width":0,"ocean_both_sidebars_sidebars_width":0,"ocean_sidebar":"0","ocean_second_sidebar":"0","ocean_disable_margins":"enable","ocean_add_body_class":"","ocean_shortcode_before_top_bar":"","ocean_shortcode_after_top_bar":"","ocean_shortcode_before_header":"","ocean_shortcode_after_header":"","ocean_has_shortcode":"","ocean_shortcode_after_title":"","ocean_shortcode_before_footer_widgets":"","ocean_shortcode_after_footer_widgets":"","ocean_shortcode_before_footer_bottom":"","ocean_shortcode_after_footer_bottom":"","ocean_display_top_bar":"default","ocean_display_header":"default","ocean_header_style":"","ocean_center_header_left_menu":"0","ocean_custom_header_template":"0","ocean_custom_logo":0,"ocean_custom_retina_logo":0,"ocean_custom_logo_max_width":0,"ocean_custom_logo_tablet_max_width":0,"ocean_custom_logo_mobile_max_width":0,"ocean_custom_logo_max_height":0,"ocean_custom_logo_tablet_max_height":0,"ocean_custom_logo_mobile_max_height":0,"ocean_header_custom_menu":"0","ocean_menu_typo_font_family":"0","ocean_menu_typo_font_subset":"","ocean_menu_typo_font_size":0,"ocean_menu_typo_font_size_tablet":0,"ocean_menu_typo_font_size_mobile":0,"ocean_menu_typo_font_size_unit":"px","ocean_menu_typo_font_weight":"","ocean_menu_typo_font_weight_tablet":"","ocean_menu_typo_font_weight_mobile":"","ocean_menu_typo_transform":"","ocean_menu_typo_transform_tablet":"","ocean_menu_typo_transform_mobile":"","ocean_menu_typo_line_height":0,"ocean_menu_typo_line_height_tablet":0,"ocean_menu_typo_line_height_mobile":0,"ocean_menu_typo_line_height_unit":"","ocean_menu_typo_spacing":0,"ocean_menu_typo_spacing_tablet":0,"ocean_menu_typo_spacing_mobile":0,"ocean_menu_typo_spacing_unit":"","ocean_menu_link_color":"","ocean_menu_link_color_hover":"","ocean_menu_link_color_active":"","ocean_menu_link_background":"","ocean_menu_link_hover_background":"","ocean_menu_link_active_background":"","ocean_menu_social_links_bg":"","ocean_menu_social_hover_links_bg":"","ocean_menu_social_links_color":"","ocean_menu_social_hover_links_color":"","ocean_disable_title":"default","ocean_disable_heading":"default","ocean_post_title":"","ocean_post_subheading":"","ocean_post_title_style":"","ocean_post_title_background_color":"","ocean_post_title_background":0,"ocean_post_title_bg_image_position":"","ocean_post_title_bg_image_attachment":"","ocean_post_title_bg_image_repeat":"","ocean_post_title_bg_image_size":"","ocean_post_title_height":0,"ocean_post_title_bg_overlay":0.5,"ocean_post_title_bg_overlay_color":"","ocean_disable_breadcrumbs":"default","ocean_breadcrumbs_color":"","ocean_breadcrumbs_separator_color":"","ocean_breadcrumbs_links_color":"","ocean_breadcrumbs_links_hover_color":"","ocean_display_footer_widgets":"default","ocean_display_footer_bottom":"default","ocean_custom_footer_template":"0"},"product_brand":[],"product_cat":[18],"product_tag":[409],"class_list":{"0":"post-8467","1":"product","2":"type-product","3":"status-publish","4":"has-post-thumbnail","6":"product_cat-neumatico","7":"product_tag-agate","9":"entry","10":"has-media","12":"first","13":"outofstock","14":"taxable","15":"shipping-taxable","16":"purchasable","17":"product-type-simple","18":"has-product-nav","19":"col","20":"span_1_of_3","21":"owp-content-center","22":"owp-thumbs-layout-horizontal","23":"owp-btn-normal","24":"owp-tabs-layout-horizontal"},"_links":{"self":[{"href":"https:\/\/neumaticosdrago.com.ar\/index.php\/wp-json\/wp\/v2\/product\/8467","targetHints":{"allow":["GET"]}}],"collection":[{"href":"https:\/\/neumaticosdrago.com.ar\/index.php\/wp-json\/wp\/v2\/product"}],"about":[{"href":"https:\/\/neumaticosdrago.com.ar\/index.php\/wp-json\/wp\/v2\/types\/product"}],"replies":[{"embeddable":true,"href":"https:\/\/neumaticosdrago.com.ar\/index.php\/wp-json\/wp\/v2\/comments?post=8467"}],"wp:featuredmedia":[{"embeddable":true,"href":"https:\/\/neumaticosdrago.com.ar\/index.php\/wp-json\/wp\/v2\/media\/8468"}],"wp:attachment":[{"href":"https:\/\/neumaticosdrago.com.ar\/index.php\/wp-json\/wp\/v2\/media?parent=8467"}],"wp:term":[{"taxonomy":"product_brand","embeddable":true,"href":"https:\/\/neumaticosdrago.com.ar\/index.php\/wp-json\/wp\/v2\/product_brand?post=8467"},{"taxonomy":"product_cat","embeddable":true,"href":"https:\/\/neumaticosdrago.com.ar\/index.php\/wp-json\/wp\/v2\/product_cat?post=8467"},{"taxonomy":"product_tag","embeddable":true,"href":"https:\/\/neumaticosdrago.com.ar\/index.php\/wp-json\/wp\/v2\/product_tag?post=8467"}],"curies":[{"name":"wp","href":"https:\/\/api.w.org\/{rel}","templated":true}]}}