{"id":8599,"date":"2025-03-27T20:13:11","date_gmt":"2025-03-27T20:13:11","guid":{"rendered":"https:\/\/neumaticosdrago.com.ar\/?post_type=product&#038;p=8599"},"modified":"2025-11-18T20:11:02","modified_gmt":"2025-11-18T20:11:02","slug":"neumatico-225-45r17-momo-m-3-outrun-94y","status":"publish","type":"product","link":"https:\/\/neumaticosdrago.com.ar\/index.php\/product\/neumatico-225-45r17-momo-m-3-outrun-94y\/","title":{"rendered":"Neum\u00e1tico Momo M-3 Outrun 205\/55 R16 91V"},"content":{"rendered":"<div class=\"ui-pdp-container__row ui-pdp-container__row--highlighted-specs-title\"><\/div>\n<div class=\"ui-pdp-container__row ui-pdp-container__row--technical-specifications\">\n<div class=\"ui-pdp-collapsable ui-vpp-highlighted-specs__striped-collapsed__action\">\n<div class=\"ui-pdp-collapsable__container\">\n<div class=\"ui-vpp-highlighted-specs__striped-specs\">\n<div class=\"ui-vpp-striped-specs\">\n<div class=\"ui-vpp-striped-specs__table\">\n<div class=\"ui-pdp-container__row ui-pdp-container__row--highlighted-specs-title\">\n<h2 class=\"ui-vpp-text-alignment--left ui-pdp-color--BLACK ui-pdp-size--XLARGE ui-pdp-family--REGULAR highlighted-specs-title\">Caracter\u00edsticas del producto<\/h2>\n<\/div>\n<div class=\"ui-pdp-container__row ui-pdp-container__row--attributes\">\n<div class=\"ui-vpp-highlighted-specs__attribute-columns\">\n<div class=\"ui-vpp-highlighted-specs__attribute-columns__column\">\n<div class=\"ui-pdp-container__row ui-vpp-highlighted-specs__attribute-columns__row\">\n<div class=\"ui-vpp-highlighted-specs__key-value\">\n<div class=\"ui-pdp-background-color--GRAY_40 ui-vpp-highlighted-specs__filled-icon ui-vpp-highlighted-specs__filled-icon--ROUNDED\" aria-hidden=\"true\"><img decoding=\"async\" class=\"ui-pdp-image ui-vpp-image-component\" src=\"https:\/\/http2.mlstatic.com\/storage\/catalog-technical-specs\/images\/assets\/vectorial\/tipo_de_terreno_tires.svg\" \/><\/div>\n<div class=\"ui-vpp-highlighted-specs__key-value__labels\">\n<p class=\"ui-pdp-family--REGULAR ui-vpp-highlighted-specs__key-value__labels__key-value\"><span class=\"ui-pdp-color--BLACK ui-pdp-size--XSMALL ui-pdp-family--REGULAR\">Tipo de terreno:<\/span>\u00a0<span class=\"ui-pdp-color--BLACK ui-pdp-size--XSMALL ui-pdp-family--SEMIBOLD\">HT<\/span><\/p>\n<\/div>\n<\/div>\n<\/div>\n<\/div>\n<div class=\"ui-vpp-highlighted-specs__attribute-columns__column\">\n<div class=\"ui-pdp-container__row ui-vpp-highlighted-specs__attribute-columns__row\">\n<div class=\"ui-vpp-highlighted-specs__key-value\">\n<div class=\"ui-pdp-background-color--GRAY_40 ui-vpp-highlighted-specs__filled-icon ui-vpp-highlighted-specs__filled-icon--ROUNDED\" aria-hidden=\"true\"><img decoding=\"async\" class=\"ui-pdp-image ui-vpp-image-component\" src=\"https:\/\/http2.mlstatic.com\/storage\/catalog-technical-specs\/images\/assets\/vectorial\/cantidad_de_neumaticos_tires.svg\" \/><\/div>\n<div class=\"ui-vpp-highlighted-specs__key-value__labels\">\n<p class=\"ui-pdp-family--REGULAR ui-vpp-highlighted-specs__key-value__labels__key-value\"><span class=\"ui-pdp-color--BLACK ui-pdp-size--XSMALL ui-pdp-family--REGULAR\">Cantidad de neum\u00e1ticos:\u00a0<\/span><span class=\"ui-pdp-color--BLACK ui-pdp-size--XSMALL ui-pdp-family--SEMIBOLD\">1<\/span><\/p>\n<\/div>\n<\/div>\n<\/div>\n<\/div>\n<\/div>\n<\/div>\n<div class=\"ui-pdp-container__row ui-pdp-container__row--technical-specifications\">\n<div class=\"ui-pdp-collapsable ui-vpp-highlighted-specs__striped-collapsed__action\">\n<div class=\"ui-pdp-collapsable__container\">\n<div class=\"ui-vpp-highlighted-specs__striped-specs\">\n<div class=\"ui-vpp-striped-specs\">\n<div class=\"ui-vpp-striped-specs__table\">\n<h3 class=\"ui-vpp-striped-specs__header\">Caracter\u00edsticas principales<\/h3>\n<table class=\"andes-table\">\n<tbody class=\"andes-table__body\">\n<tr class=\"andes-table__row ui-vpp-striped-specs__row\">\n<th class=\"andes-table__header andes-table__header--left ui-vpp-striped-specs__row__column ui-vpp-striped-specs__row__column--id\" scope=\"row\">\n<div class=\"andes-table__header__container\">Lateral<\/div>\n<\/th>\n<td id=\":Rknilpakp7te:\" class=\"andes-table__column andes-table__column--left andes-table__column--vertical-align-center ui-vpp-striped-specs__row__column\"><span id=\":Rknilpakp7te:-value\" class=\"andes-table__column--value\">BLT<\/span><\/td>\n<\/tr>\n<tr class=\"andes-table__row ui-vpp-striped-specs__row\">\n<th class=\"andes-table__header andes-table__header--left ui-vpp-striped-specs__row__column ui-vpp-striped-specs__row__column--id\" scope=\"row\">\n<div class=\"andes-table__header__container\">Cantidad de neum\u00e1ticos<\/div>\n<\/th>\n<td id=\":Rkrilpakp7te:\" class=\"andes-table__column andes-table__column--left andes-table__column--vertical-align-center ui-vpp-striped-specs__row__column\"><span id=\":Rkrilpakp7te:-value\" class=\"andes-table__column--value\">1<\/span><\/td>\n<\/tr>\n<\/tbody>\n<\/table>\n<\/div>\n<div class=\"ui-vpp-striped-specs__table\">\n<h3 class=\"ui-vpp-striped-specs__header\">Especificaciones<\/h3>\n<table class=\"andes-table\">\n<tbody class=\"andes-table__body\">\n<tr class=\"andes-table__row ui-vpp-striped-specs__row\">\n<th class=\"andes-table__header andes-table__header--left ui-vpp-striped-specs__row__column ui-vpp-striped-specs__row__column--id\" scope=\"row\">\n<div class=\"andes-table__header__container\">\u00cdndice de carga<\/div>\n<\/th>\n<td id=\":R197klpakp7te:\" class=\"andes-table__column andes-table__column--left andes-table__column--vertical-align-center ui-vpp-striped-specs__row__column\"><span id=\":R197klpakp7te:-value\" class=\"andes-table__column--value\">91<\/span><\/td>\n<\/tr>\n<tr class=\"andes-table__row ui-vpp-striped-specs__row\">\n<th class=\"andes-table__header andes-table__header--left ui-vpp-striped-specs__row__column ui-vpp-striped-specs__row__column--id\" scope=\"row\">\n<div class=\"andes-table__header__container\">\u00cdndice de velocidad<\/div>\n<\/th>\n<td id=\":R19bklpakp7te:\" class=\"andes-table__column andes-table__column--left andes-table__column--vertical-align-center ui-vpp-striped-specs__row__column\"><span id=\":R19bklpakp7te:-value\" class=\"andes-table__column--value\">V<\/span><\/td>\n<\/tr>\n<tr class=\"andes-table__row ui-vpp-striped-specs__row\">\n<th class=\"andes-table__header andes-table__header--left ui-vpp-striped-specs__row__column ui-vpp-striped-specs__row__column--id\" scope=\"row\">\n<div class=\"andes-table__header__container\">Rango de carga<\/div>\n<\/th>\n<td id=\":R19fklpakp7te:\" class=\"andes-table__column andes-table__column--left andes-table__column--vertical-align-center ui-vpp-striped-specs__row__column\"><span id=\":R19fklpakp7te:-value\" class=\"andes-table__column--value\">SL<\/span><\/td>\n<\/tr>\n<tr class=\"andes-table__row ui-vpp-striped-specs__row\">\n<th class=\"andes-table__header andes-table__header--left ui-vpp-striped-specs__row__column ui-vpp-striped-specs__row__column--id\" scope=\"row\">\n<div class=\"andes-table__header__container\">Tipo de construcci\u00f3n<\/div>\n<\/th>\n<td id=\":R19jklpakp7te:\" class=\"andes-table__column andes-table__column--left andes-table__column--vertical-align-center ui-vpp-striped-specs__row__column\"><span id=\":R19jklpakp7te:-value\" class=\"andes-table__column--value\">Radial<\/span><\/td>\n<\/tr>\n<tr class=\"andes-table__row ui-vpp-striped-specs__row\">\n<th class=\"andes-table__header andes-table__header--left ui-vpp-striped-specs__row__column ui-vpp-striped-specs__row__column--id\" scope=\"row\">\n<div class=\"andes-table__header__container\">Relaci\u00f3n de aspecto del neum\u00e1tico<\/div>\n<\/th>\n<td id=\":R19nklpakp7te:\" class=\"andes-table__column andes-table__column--left andes-table__column--vertical-align-center ui-vpp-striped-specs__row__column\"><span id=\":R19nklpakp7te:-value\" class=\"andes-table__column--value\">55 %<\/span><\/td>\n<\/tr>\n<\/tbody>\n<\/table>\n<\/div>\n<div class=\"ui-vpp-striped-specs__table\">\n<h3 class=\"ui-vpp-striped-specs__header\">Dimensiones<\/h3>\n<table class=\"andes-table\">\n<tbody class=\"andes-table__body\">\n<tr class=\"andes-table__row ui-vpp-striped-specs__row\">\n<th class=\"andes-table__header andes-table__header--left ui-vpp-striped-specs__row__column ui-vpp-striped-specs__row__column--id\" scope=\"row\">\n<div class=\"andes-table__header__container\">Relaci\u00f3n de aspecto<\/div>\n<\/th>\n<td id=\":Rknmlpakp7te:\" class=\"andes-table__column andes-table__column--left andes-table__column--vertical-align-center ui-vpp-striped-specs__row__column\"><span id=\":Rknmlpakp7te:-value\" class=\"andes-table__column--value\">55<\/span><\/td>\n<\/tr>\n<tr class=\"andes-table__row ui-vpp-striped-specs__row\">\n<th class=\"andes-table__header andes-table__header--left ui-vpp-striped-specs__row__column ui-vpp-striped-specs__row__column--id\" scope=\"row\">\n<div class=\"andes-table__header__container\">Ancho de secci\u00f3n<\/div>\n<\/th>\n<td id=\":Rkrmlpakp7te:\" class=\"andes-table__column andes-table__column--left andes-table__column--vertical-align-center ui-vpp-striped-specs__row__column\"><span id=\":Rkrmlpakp7te:-value\" class=\"andes-table__column--value\">205 mm<\/span><\/td>\n<\/tr>\n<tr class=\"andes-table__row ui-vpp-striped-specs__row\">\n<th class=\"andes-table__header andes-table__header--left ui-vpp-striped-specs__row__column ui-vpp-striped-specs__row__column--id\" scope=\"row\">\n<div class=\"andes-table__header__container\">Di\u00e1metro de la llanta<\/div>\n<\/th>\n<td id=\":Rkvmlpakp7te:\" class=\"andes-table__column andes-table__column--left andes-table__column--vertical-align-center ui-vpp-striped-specs__row__column\"><span id=\":Rkvmlpakp7te:-value\" class=\"andes-table__column--value\">16 &#8220;<\/span><\/td>\n<\/tr>\n<\/tbody>\n<\/table>\n<\/div>\n<\/div>\n<div class=\"ui-vpp-striped-specs\">\n<div class=\"ui-vpp-striped-specs__table\">\n<h3 class=\"ui-vpp-striped-specs__header\">Caracter\u00edsticas generales<\/h3>\n<table class=\"andes-table\">\n<tbody class=\"andes-table__body\">\n<tr class=\"andes-table__row ui-vpp-striped-specs__row\">\n<th class=\"andes-table__header andes-table__header--left ui-vpp-striped-specs__row__column ui-vpp-striped-specs__row__column--id\" scope=\"row\">\n<div class=\"andes-table__header__container\">Marca<\/div>\n<\/th>\n<td id=\":Rknj5pakp7te:\" class=\"andes-table__column andes-table__column--left andes-table__column--vertical-align-center ui-vpp-striped-specs__row__column\"><span id=\":Rknj5pakp7te:-value\" class=\"andes-table__column--value\">Momo<\/span><\/td>\n<\/tr>\n<tr class=\"andes-table__row ui-vpp-striped-specs__row\">\n<th class=\"andes-table__header andes-table__header--left ui-vpp-striped-specs__row__column ui-vpp-striped-specs__row__column--id\" scope=\"row\">\n<div class=\"andes-table__header__container\">L\u00ednea<\/div>\n<\/th>\n<td id=\":Rkrj5pakp7te:\" class=\"andes-table__column andes-table__column--left andes-table__column--vertical-align-center ui-vpp-striped-specs__row__column\"><span id=\":Rkrj5pakp7te:-value\" class=\"andes-table__column--value\">Outrun<\/span><\/td>\n<\/tr>\n<tr class=\"andes-table__row ui-vpp-striped-specs__row\">\n<th class=\"andes-table__header andes-table__header--left ui-vpp-striped-specs__row__column ui-vpp-striped-specs__row__column--id\" scope=\"row\">\n<div class=\"andes-table__header__container\">Modelo<\/div>\n<\/th>\n<td id=\":Rkvj5pakp7te:\" class=\"andes-table__column andes-table__column--left andes-table__column--vertical-align-center ui-vpp-striped-specs__row__column\"><span id=\":Rkvj5pakp7te:-value\" class=\"andes-table__column--value\">M-3 Outrun<\/span><\/td>\n<\/tr>\n<\/tbody>\n<\/table>\n<\/div>\n<div class=\"ui-vpp-striped-specs__table\">\n<h3 class=\"ui-vpp-striped-specs__header\">Uso<\/h3>\n<table class=\"andes-table\">\n<tbody class=\"andes-table__body\">\n<tr class=\"andes-table__row ui-vpp-striped-specs__row\">\n<th class=\"andes-table__header andes-table__header--left ui-vpp-striped-specs__row__column ui-vpp-striped-specs__row__column--id\" scope=\"row\">\n<div class=\"andes-table__header__container\">Tipo de servicio<\/div>\n<\/th>\n<td id=\":Rknl5pakp7te:\" class=\"andes-table__column andes-table__column--left andes-table__column--vertical-align-center ui-vpp-striped-specs__row__column\"><span id=\":Rknl5pakp7te:-value\" class=\"andes-table__column--value\">P<\/span><\/td>\n<\/tr>\n<tr class=\"andes-table__row ui-vpp-striped-specs__row\">\n<th class=\"andes-table__header andes-table__header--left ui-vpp-striped-specs__row__column ui-vpp-striped-specs__row__column--id\" scope=\"row\">\n<div class=\"andes-table__header__container\">Tipo de veh\u00edculo<\/div>\n<\/th>\n<td id=\":Rkrl5pakp7te:\" class=\"andes-table__column andes-table__column--left andes-table__column--vertical-align-center ui-vpp-striped-specs__row__column\"><span id=\":Rkrl5pakp7te:-value\" class=\"andes-table__column--value\">Auto\/Camioneta<\/span><\/td>\n<\/tr>\n<tr class=\"andes-table__row ui-vpp-striped-specs__row\">\n<th class=\"andes-table__header andes-table__header--left ui-vpp-striped-specs__row__column ui-vpp-striped-specs__row__column--id\" scope=\"row\">\n<div class=\"andes-table__header__container\">Tipo de terreno<\/div>\n<\/th>\n<td id=\":Rkvl5pakp7te:\" class=\"andes-table__column andes-table__column--left andes-table__column--vertical-align-center ui-vpp-striped-specs__row__column\"><span id=\":Rkvl5pakp7te:-value\" class=\"andes-table__column--value\">HT<\/span><\/td>\n<\/tr>\n<\/tbody>\n<\/table>\n<\/div>\n<div class=\"ui-vpp-striped-specs__table\">\n<h3 class=\"ui-vpp-striped-specs__header\">Tecnolog\u00eda<\/h3>\n<table class=\"andes-table\">\n<tbody class=\"andes-table__body\">\n<tr class=\"andes-table__row ui-vpp-striped-specs__row\">\n<th class=\"andes-table__header andes-table__header--left ui-vpp-striped-specs__row__column ui-vpp-striped-specs__row__column--id\" scope=\"row\">\n<div class=\"andes-table__header__container\">Es run flat<\/div>\n<\/th>\n<td id=\":Rafn5pakp7te:\" class=\"andes-table__column andes-table__column--left andes-table__column--vertical-align-center ui-vpp-striped-specs__row__column\"><span id=\":Rafn5pakp7te:-value\" class=\"andes-table__column--value\">No<\/span><\/td>\n<\/tr>\n<\/tbody>\n<\/table>\n<\/div>\n<\/div>\n<\/div>\n<\/div>\n<\/div>\n<\/div>\n<h2 class=\"ui-pdp-description__title\" data-testid=\"title\">Descripci\u00f3n<\/h2>\n<p class=\"ui-pdp-description__content\" data-testid=\"content\">\u00bfVas a esperar a que tu neum\u00e1tico se desgaste para cambiarlo? Pod\u00e9s evitar alargar la vida \u00fatil de una vieja cubierta y apostar a tu tranquilidad. Encontr\u00e1 la mejor tracci\u00f3n, direcci\u00f3n y confort con tu Momo M-3 Outrun.<br \/>\nEstabilidad y control<br \/>\nGracias a su buen agarre, este neum\u00e1tico tiene un desempe\u00f1o \u00f3ptimo asegurado, ya que se adapta a la usabilidad de tu veh\u00edculo.<br \/>\nAlta eficiencia<br \/>\nEsta cubierta est\u00e1 preparada para maximizar la eficiencia del combustible; su ligereza y la combinaci\u00f3n de sus materiales te garantizar\u00e1n un \u00f3ptimo rendimiento en tus viajes.<br \/>\nLa seguridad que buscabas<br \/>\nApto para circular sobre asfalto sin presentar desgaste e ideal para alcanzar grandes velocidades. Posee una excelente capacidad para adherirse a terrenos secos y mojados. A su vez, ofrece una tracci\u00f3n silenciosa y contribuye al consumo razonable de combustible.<br \/>\nIdeal para tu veh\u00edculo<br \/>\nExcelente rendimiento en todas las condiciones de la carretera brindando estabilidad y agilidad en las curvas. Recomendado para coches grandes y deportivos y para transitar sobre calzada mojada, ya que reduce el riesgo de aquaplaning.<br \/>\nTiene un excelente equilibrio en todas las temporadas del a\u00f1o y sobre cualquier tipo de superficie.<\/p>\n<\/div>\n<\/div>\n<\/div>\n<\/div>\n<\/div>\n<\/div>\n","protected":false},"excerpt":{"rendered":"<div class=\"summary entry-summary\">\n<div class=\"woocommerce-product-details__short-description\">\n<p>NEUM\u00c1TICOS DRAGO<\/p>\n<ul>\n<li>\u2022\u2022SERVICIOS QUE OFRECEMOS\u2022\u2022\u2022<br \/>\n\u2022Mec\u00e1nica ligera:<br \/>\n-Tren delantero y trasero<br \/>\n-Freno delantero y trasero<br \/>\n-Buje de parrilla<br \/>\n-Amortiguadores<br \/>\n-Correa de distribuci\u00f3n<br \/>\n-Suspensi\u00f3n<br \/>\n-Embrague<br \/>\n\u2022Alineaci\u00f3n 3D y Balanceo.<br \/>\n\u2022Reparaci\u00f3n de llantas (aluminio y chapa), vulcanizado \u00a1y m\u00e1s!<\/li>\n<\/ul>\n<p>Colectora 11244, El pato, Berazategui<\/p>\n<\/div>\n<\/div>\n","protected":false},"featured_media":8600,"comment_status":"open","ping_status":"closed","template":"","meta":{"ocean_post_layout":"","ocean_both_sidebars_style":"","ocean_both_sidebars_content_width":0,"ocean_both_sidebars_sidebars_width":0,"ocean_sidebar":"0","ocean_second_sidebar":"0","ocean_disable_margins":"enable","ocean_add_body_class":"","ocean_shortcode_before_top_bar":"","ocean_shortcode_after_top_bar":"","ocean_shortcode_before_header":"","ocean_shortcode_after_header":"","ocean_has_shortcode":"","ocean_shortcode_after_title":"","ocean_shortcode_before_footer_widgets":"","ocean_shortcode_after_footer_widgets":"","ocean_shortcode_before_footer_bottom":"","ocean_shortcode_after_footer_bottom":"","ocean_display_top_bar":"default","ocean_display_header":"default","ocean_header_style":"","ocean_center_header_left_menu":"0","ocean_custom_header_template":"0","ocean_custom_logo":0,"ocean_custom_retina_logo":0,"ocean_custom_logo_max_width":0,"ocean_custom_logo_tablet_max_width":0,"ocean_custom_logo_mobile_max_width":0,"ocean_custom_logo_max_height":0,"ocean_custom_logo_tablet_max_height":0,"ocean_custom_logo_mobile_max_height":0,"ocean_header_custom_menu":"0","ocean_menu_typo_font_family":"0","ocean_menu_typo_font_subset":"","ocean_menu_typo_font_size":0,"ocean_menu_typo_font_size_tablet":0,"ocean_menu_typo_font_size_mobile":0,"ocean_menu_typo_font_size_unit":"px","ocean_menu_typo_font_weight":"","ocean_menu_typo_font_weight_tablet":"","ocean_menu_typo_font_weight_mobile":"","ocean_menu_typo_transform":"","ocean_menu_typo_transform_tablet":"","ocean_menu_typo_transform_mobile":"","ocean_menu_typo_line_height":0,"ocean_menu_typo_line_height_tablet":0,"ocean_menu_typo_line_height_mobile":0,"ocean_menu_typo_line_height_unit":"","ocean_menu_typo_spacing":0,"ocean_menu_typo_spacing_tablet":0,"ocean_menu_typo_spacing_mobile":0,"ocean_menu_typo_spacing_unit":"","ocean_menu_link_color":"","ocean_menu_link_color_hover":"","ocean_menu_link_color_active":"","ocean_menu_link_background":"","ocean_menu_link_hover_background":"","ocean_menu_link_active_background":"","ocean_menu_social_links_bg":"","ocean_menu_social_hover_links_bg":"","ocean_menu_social_links_color":"","ocean_menu_social_hover_links_color":"","ocean_disable_title":"default","ocean_disable_heading":"default","ocean_post_title":"","ocean_post_subheading":"","ocean_post_title_style":"","ocean_post_title_background_color":"","ocean_post_title_background":0,"ocean_post_title_bg_image_position":"","ocean_post_title_bg_image_attachment":"","ocean_post_title_bg_image_repeat":"","ocean_post_title_bg_image_size":"","ocean_post_title_height":0,"ocean_post_title_bg_overlay":0.5,"ocean_post_title_bg_overlay_color":"","ocean_disable_breadcrumbs":"default","ocean_breadcrumbs_color":"","ocean_breadcrumbs_separator_color":"","ocean_breadcrumbs_links_color":"","ocean_breadcrumbs_links_hover_color":"","ocean_display_footer_widgets":"default","ocean_display_footer_bottom":"default","ocean_custom_footer_template":"0"},"product_brand":[],"product_cat":[18],"product_tag":[469,110,468],"class_list":{"0":"post-8599","1":"product","2":"type-product","3":"status-publish","4":"has-post-thumbnail","6":"product_cat-neumatico","7":"product_tag-205-55-r16","8":"product_tag-91v","9":"product_tag-momo-m-3-outrun","11":"entry","12":"has-media","14":"first","15":"instock","16":"taxable","17":"shipping-taxable","18":"purchasable","19":"product-type-simple","20":"has-product-nav","21":"col","22":"span_1_of_3","23":"owp-content-center","24":"owp-thumbs-layout-horizontal","25":"owp-btn-normal","26":"owp-tabs-layout-horizontal"},"_links":{"self":[{"href":"https:\/\/neumaticosdrago.com.ar\/index.php\/wp-json\/wp\/v2\/product\/8599","targetHints":{"allow":["GET"]}}],"collection":[{"href":"https:\/\/neumaticosdrago.com.ar\/index.php\/wp-json\/wp\/v2\/product"}],"about":[{"href":"https:\/\/neumaticosdrago.com.ar\/index.php\/wp-json\/wp\/v2\/types\/product"}],"replies":[{"embeddable":true,"href":"https:\/\/neumaticosdrago.com.ar\/index.php\/wp-json\/wp\/v2\/comments?post=8599"}],"wp:featuredmedia":[{"embeddable":true,"href":"https:\/\/neumaticosdrago.com.ar\/index.php\/wp-json\/wp\/v2\/media\/8600"}],"wp:attachment":[{"href":"https:\/\/neumaticosdrago.com.ar\/index.php\/wp-json\/wp\/v2\/media?parent=8599"}],"wp:term":[{"taxonomy":"product_brand","embeddable":true,"href":"https:\/\/neumaticosdrago.com.ar\/index.php\/wp-json\/wp\/v2\/product_brand?post=8599"},{"taxonomy":"product_cat","embeddable":true,"href":"https:\/\/neumaticosdrago.com.ar\/index.php\/wp-json\/wp\/v2\/product_cat?post=8599"},{"taxonomy":"product_tag","embeddable":true,"href":"https:\/\/neumaticosdrago.com.ar\/index.php\/wp-json\/wp\/v2\/product_tag?post=8599"}],"curies":[{"name":"wp","href":"https:\/\/api.w.org\/{rel}","templated":true}]}}