{"id":9064,"date":"2026-02-19T20:30:39","date_gmt":"2026-02-19T20:30:39","guid":{"rendered":"https:\/\/neumaticosdrago.com.ar\/?post_type=product&#038;p=9064"},"modified":"2026-02-19T20:30:57","modified_gmt":"2026-02-19T20:30:57","slug":"neumatico-sonix-l-zeal-56-225-50-r18-99w-xl","status":"publish","type":"product","link":"https:\/\/neumaticosdrago.com.ar\/index.php\/product\/neumatico-sonix-l-zeal-56-225-50-r18-99w-xl\/","title":{"rendered":"Neumatico Sonix L-Zeal 56 225\/50 R18 99W XL"},"content":{"rendered":"<div class=\"row\">\n<div class=\"col-md-6\">\n<div class=\"mobile-xs-center\"><span class=\"productPrice nowrap\"><span dir=\"auto\">Descripci\u00f3n<\/span><\/span><\/div>\n<div><\/div>\n<div><b><span dir=\"auto\">Los neum\u00e1ticos Sonix L-Zeal 56<\/span><\/b><span dir=\"auto\">\u00a0para turismos\u00a0son radiales y sin c\u00e1mara.<\/span><br \/>\n<span dir=\"auto\">La velocidad m\u00e1xima recomendada es de W (hasta 270 km\/h) y la carga admisible por rueda es de 99 kg (775 kg).<\/span><\/p>\n<div class=\"modheading\"><span dir=\"auto\">Caracter\u00edsticas<\/span><\/div>\n<table class=\"prodinfotype\" cellspacing=\"0\" cellpadding=\"0\">\n<tbody>\n<tr class=\"sectiontableentry2\">\n<td width=\"50%\"><span dir=\"auto\">Marca<\/span><\/td>\n<td><b><a href=\"https:\/\/autoshini.com\/uk\/shop\/shiny-sonix\"><span dir=\"auto\">Sonix<\/span><\/a><\/b><\/td>\n<\/tr>\n<tr class=\"sectiontableentry1\">\n<td><span dir=\"auto\">Modelo<\/span><\/td>\n<td><b><a href=\"https:\/\/autoshini.com\/uk\/shop\/sonix-l-zeal-56\"><span dir=\"auto\">L-Zeal 56<\/span><\/a><\/b><\/td>\n<\/tr>\n<tr class=\"sectiontableentry2\">\n<td><span dir=\"auto\">Ancho<\/span><\/td>\n<td><span dir=\"auto\">225 mil\u00edmetros<\/span><\/td>\n<\/tr>\n<tr class=\"sectiontableentry1\">\n<td><span dir=\"auto\">Perfil<\/span><\/td>\n<td><span dir=\"auto\">50%<\/span><\/td>\n<\/tr>\n<tr class=\"sectiontableentry2\">\n<td><span dir=\"auto\">Di\u00e1metro<\/span><\/td>\n<td><a href=\"https:\/\/autoshini.com\/uk\/shop\/shiny-0-0-r18-summer-all\"><span dir=\"auto\">R18<\/span><\/a><\/td>\n<\/tr>\n<tr class=\"sectiontableentry1\">\n<td><span dir=\"auto\">Tipo de coche<\/span><\/td>\n<td><a class=\"linkdotted\" href=\"https:\/\/autoshini.com\/uk\/podbor-shin\"><span dir=\"auto\">Turismo, SUV<\/span><\/a><\/td>\n<\/tr>\n<tr class=\"sectiontableentry2\">\n<td><span dir=\"auto\">Estaci\u00f3n<\/span><\/td>\n<td><a class=\"linkdotted\" href=\"https:\/\/autoshini.com\/uk\/summer-tyres\"><span dir=\"auto\">Verano<\/span><\/a><\/td>\n<\/tr>\n<tr class=\"sectiontableentry1\">\n<td><span dir=\"auto\">\u00cdndice de carga<\/span><\/td>\n<td><span dir=\"auto\">99 (775 kilogramos)<\/span><\/td>\n<\/tr>\n<tr class=\"sectiontableentry2\">\n<td><span dir=\"auto\">\u00cdndice de velocidad<\/span><\/td>\n<td><span dir=\"auto\">W (hasta 270 km\/h)<\/span><\/td>\n<\/tr>\n<tr class=\"sectiontableentry2\">\n<td><span dir=\"auto\">Picosidad<\/span><\/td>\n<td><span dir=\"auto\">Nesyp<\/span><\/td>\n<\/tr>\n<tr class=\"sectiontableentry1\">\n<td><span dir=\"auto\">Peso\/volumen<\/span><\/td>\n<td><span dir=\"auto\">~ 12,5 kg \/ 0,1\u00a0<\/span><sup><span dir=\"auto\">m3<\/span><\/sup><\/td>\n<\/tr>\n<tr class=\"sectiontableentry2\">\n<td><span dir=\"auto\">Fortalecimiento<\/span><\/td>\n<td><u><span dir=\"auto\">XL<\/span><\/u><span dir=\"auto\">\u00a0&#8211; flanco de neum\u00e1tico reforzado<\/span><\/td>\n<\/tr>\n<\/tbody>\n<\/table>\n<\/div>\n<div class=\"mobile-xs-center\"><\/div>\n<\/div>\n<\/div>\n","protected":false},"excerpt":{"rendered":"<p><span dir=\"auto\">Descripci\u00f3n del neum\u00e1tico Sonix L-Zeal 56.<\/span><\/p>\n<p><span dir=\"auto\">El neum\u00e1tico de verano Sonix L-Zeal 56, disponible en una amplia gama de tama\u00f1os, se adapta tanto a turismos como a SUV. Ofrece un manejo preciso y una tracci\u00f3n fiable tanto en superficies secas como mojadas, bajo nivel de ruido y vibraci\u00f3n, y una excelente eficiencia de combustible.<\/span><\/p>\n<p><span dir=\"auto\">El dibujo asim\u00e9trico de la banda de rodadura presenta zonas de hombro agrandadas. Los tacos de la banda de rodadura, altamente resistentes a los impactos deformantes, proporcionan una tracci\u00f3n fiable y un f\u00e1cil manejo durante las maniobras. Las ranuras de drenaje anchas ayudan a mantener estas cualidades en superficies mojadas, desviando intensamente pr\u00e1cticamente cualquier cantidad de agua de la superficie de contacto. La secci\u00f3n central presenta una nervadura longitudinal ancha, que reduce la resistencia a la rodadura y el desgaste, mejorando la estabilidad direccional al conducir en l\u00ednea recta.<\/span><\/p>\n<p><span dir=\"auto\">Las caracter\u00edsticas clave del neum\u00e1tico Sonix L-Zeal 56<\/span><\/p>\n<p><span dir=\"auto\">incluyen: una disposici\u00f3n de elementos de la banda de rodadura de varios pasos que reduce el ruido y la vibraci\u00f3n;<\/span><br \/>\n<span dir=\"auto\">Las \u00e1reas de hombros extendidas con bloques r\u00edgidos brindan precisi\u00f3n de manejo deportivo y tracci\u00f3n confiable al maniobrar;<\/span><br \/>\n<span dir=\"auto\">una nervadura central resistente a la deformaci\u00f3n mejora la estabilidad direccional cuando se conduce en l\u00ednea recta, reduciendo la resistencia al rodamiento y el desgaste.<\/span><\/p>\n","protected":false},"featured_media":9065,"comment_status":"open","ping_status":"closed","template":"","meta":{"ocean_post_layout":"","ocean_both_sidebars_style":"","ocean_both_sidebars_content_width":0,"ocean_both_sidebars_sidebars_width":0,"ocean_sidebar":"0","ocean_second_sidebar":"0","ocean_disable_margins":"enable","ocean_add_body_class":"","ocean_shortcode_before_top_bar":"","ocean_shortcode_after_top_bar":"","ocean_shortcode_before_header":"","ocean_shortcode_after_header":"","ocean_has_shortcode":"","ocean_shortcode_after_title":"","ocean_shortcode_before_footer_widgets":"","ocean_shortcode_after_footer_widgets":"","ocean_shortcode_before_footer_bottom":"","ocean_shortcode_after_footer_bottom":"","ocean_display_top_bar":"default","ocean_display_header":"default","ocean_header_style":"","ocean_center_header_left_menu":"0","ocean_custom_header_template":"0","ocean_custom_logo":0,"ocean_custom_retina_logo":0,"ocean_custom_logo_max_width":0,"ocean_custom_logo_tablet_max_width":0,"ocean_custom_logo_mobile_max_width":0,"ocean_custom_logo_max_height":0,"ocean_custom_logo_tablet_max_height":0,"ocean_custom_logo_mobile_max_height":0,"ocean_header_custom_menu":"0","ocean_menu_typo_font_family":"0","ocean_menu_typo_font_subset":"","ocean_menu_typo_font_size":0,"ocean_menu_typo_font_size_tablet":0,"ocean_menu_typo_font_size_mobile":0,"ocean_menu_typo_font_size_unit":"px","ocean_menu_typo_font_weight":"","ocean_menu_typo_font_weight_tablet":"","ocean_menu_typo_font_weight_mobile":"","ocean_menu_typo_transform":"","ocean_menu_typo_transform_tablet":"","ocean_menu_typo_transform_mobile":"","ocean_menu_typo_line_height":0,"ocean_menu_typo_line_height_tablet":0,"ocean_menu_typo_line_height_mobile":0,"ocean_menu_typo_line_height_unit":"","ocean_menu_typo_spacing":0,"ocean_menu_typo_spacing_tablet":0,"ocean_menu_typo_spacing_mobile":0,"ocean_menu_typo_spacing_unit":"","ocean_menu_link_color":"","ocean_menu_link_color_hover":"","ocean_menu_link_color_active":"","ocean_menu_link_background":"","ocean_menu_link_hover_background":"","ocean_menu_link_active_background":"","ocean_menu_social_links_bg":"","ocean_menu_social_hover_links_bg":"","ocean_menu_social_links_color":"","ocean_menu_social_hover_links_color":"","ocean_disable_title":"default","ocean_disable_heading":"default","ocean_post_title":"","ocean_post_subheading":"","ocean_post_title_style":"","ocean_post_title_background_color":"","ocean_post_title_background":0,"ocean_post_title_bg_image_position":"","ocean_post_title_bg_image_attachment":"","ocean_post_title_bg_image_repeat":"","ocean_post_title_bg_image_size":"","ocean_post_title_height":0,"ocean_post_title_bg_overlay":0.5,"ocean_post_title_bg_overlay_color":"","ocean_disable_breadcrumbs":"default","ocean_breadcrumbs_color":"","ocean_breadcrumbs_separator_color":"","ocean_breadcrumbs_links_color":"","ocean_breadcrumbs_links_hover_color":"","ocean_display_footer_widgets":"default","ocean_display_footer_bottom":"default","ocean_custom_footer_template":"0"},"product_brand":[],"product_cat":[18],"product_tag":[283,530],"class_list":{"0":"post-9064","1":"product","2":"type-product","3":"status-publish","4":"has-post-thumbnail","6":"product_cat-neumatico","7":"product_tag-99w","8":"product_tag-sonix-l-zeal-56","10":"entry","11":"has-media","13":"first","14":"instock","15":"taxable","16":"shipping-taxable","17":"purchasable","18":"product-type-simple","19":"has-product-nav","20":"col","21":"span_1_of_3","22":"owp-content-center","23":"owp-thumbs-layout-horizontal","24":"owp-btn-normal","25":"owp-tabs-layout-horizontal"},"_links":{"self":[{"href":"https:\/\/neumaticosdrago.com.ar\/index.php\/wp-json\/wp\/v2\/product\/9064","targetHints":{"allow":["GET"]}}],"collection":[{"href":"https:\/\/neumaticosdrago.com.ar\/index.php\/wp-json\/wp\/v2\/product"}],"about":[{"href":"https:\/\/neumaticosdrago.com.ar\/index.php\/wp-json\/wp\/v2\/types\/product"}],"replies":[{"embeddable":true,"href":"https:\/\/neumaticosdrago.com.ar\/index.php\/wp-json\/wp\/v2\/comments?post=9064"}],"wp:featuredmedia":[{"embeddable":true,"href":"https:\/\/neumaticosdrago.com.ar\/index.php\/wp-json\/wp\/v2\/media\/9065"}],"wp:attachment":[{"href":"https:\/\/neumaticosdrago.com.ar\/index.php\/wp-json\/wp\/v2\/media?parent=9064"}],"wp:term":[{"taxonomy":"product_brand","embeddable":true,"href":"https:\/\/neumaticosdrago.com.ar\/index.php\/wp-json\/wp\/v2\/product_brand?post=9064"},{"taxonomy":"product_cat","embeddable":true,"href":"https:\/\/neumaticosdrago.com.ar\/index.php\/wp-json\/wp\/v2\/product_cat?post=9064"},{"taxonomy":"product_tag","embeddable":true,"href":"https:\/\/neumaticosdrago.com.ar\/index.php\/wp-json\/wp\/v2\/product_tag?post=9064"}],"curies":[{"name":"wp","href":"https:\/\/api.w.org\/{rel}","templated":true}]}}